{"id":19940,"date":"2025-08-01T08:48:53","date_gmt":"2025-08-01T08:48:53","guid":{"rendered":"https:\/\/aedesgroup.be\/?page_id=19940"},"modified":"2025-08-13T13:26:37","modified_gmt":"2025-08-13T13:26:37","slug":"contact-courtier","status":"publish","type":"page","link":"https:\/\/aedesgroup.be\/nl\/contact-courtier\/","title":{"rendered":"Contactez-nous"},"content":{"rendered":"","protected":false},"excerpt":{"rendered":"","protected":false},"author":2,"featured_media":0,"parent":0,"menu_order":0,"comment_status":"closed","ping_status":"closed","template":"page-front-courtiers.php","meta":{"_acf_changed":false,"footnotes":""},"class_list":["post-19940","page","type-page","status-publish","hentry"],"acf":[],"yoast_head":"<!-- This site is optimized with the Yoast SEO Premium plugin v23.3 (Yoast SEO v24.6) - https:\/\/yoast.com\/wordpress\/plugins\/seo\/ -->\n<title>Contactez-nous - Aedes Group Vous \u00eates courtiers ?<\/title>\n<meta name=\"description\" content=\"Chez Aedes, nous travaillons main dans la main avec un r\u00e9seau de courtiers ind\u00e9pendants partout en Belgique, pour offrir un service \u00e0 taille humaine et sur mesure. Le courtier est un expert ind\u00e9pendant, capable de s\u00e9lectionner les meilleurs couvertures selon la situation et les besoins de ses clients.\" \/>\n<meta name=\"robots\" content=\"index, follow, max-snippet:-1, max-image-preview:large, max-video-preview:-1\" \/>\n<link rel=\"canonical\" href=\"https:\/\/aedesgroup.be\/nl\/contact-courtier\/\" \/>\n<meta property=\"og:locale\" content=\"nl_NL\" \/>\n<meta property=\"og:type\" content=\"article\" \/>\n<meta property=\"og:title\" content=\"Contactez-nous\" \/>\n<meta property=\"og:description\" content=\"Chez Aedes, nous travaillons main dans la main avec un r\u00e9seau de courtiers ind\u00e9pendants partout en Belgique, pour offrir un service \u00e0 taille humaine et sur mesure. Le courtier est un expert ind\u00e9pendant, capable de s\u00e9lectionner les meilleurs couvertures selon la situation et les besoins de ses clients.\" \/>\n<meta property=\"og:url\" content=\"https:\/\/aedesgroup.be\/nl\/contact-courtier\/\" \/>\n<meta property=\"og:site_name\" content=\"Aedes Group\" \/>\n<meta property=\"article:modified_time\" content=\"2025-08-13T13:26:37+00:00\" \/>\n<meta name=\"twitter:card\" content=\"summary_large_image\" \/>\n<meta name=\"twitter:label1\" content=\"Geschatte leestijd\" \/>\n\t<meta name=\"twitter:data1\" content=\"1 minuut\" \/>\n<script type=\"application\/ld+json\" class=\"yoast-schema-graph\">{\"@context\":\"https:\/\/schema.org\",\"@graph\":[{\"@type\":\"WebPage\",\"@id\":\"https:\/\/aedesgroup.be\/nl\/contact-courtier\/\",\"url\":\"https:\/\/aedesgroup.be\/nl\/contact-courtier\/\",\"name\":\"Contactez-nous - Aedes Group Vous \u00eates courtiers ?\",\"isPartOf\":{\"@id\":\"https:\/\/aedesgroup.be\/nl\/#website\"},\"datePublished\":\"2025-08-01T08:48:53+00:00\",\"dateModified\":\"2025-08-13T13:26:37+00:00\",\"description\":\"Chez Aedes, nous travaillons main dans la main avec un r\u00e9seau de courtiers ind\u00e9pendants partout en Belgique, pour offrir un service \u00e0 taille humaine et sur mesure. Le courtier est un expert ind\u00e9pendant, capable de s\u00e9lectionner les meilleurs couvertures selon la situation et les besoins de ses clients.\",\"breadcrumb\":{\"@id\":\"https:\/\/aedesgroup.be\/nl\/contact-courtier\/#breadcrumb\"},\"inLanguage\":\"nl-NL\",\"potentialAction\":[{\"@type\":\"ReadAction\",\"target\":[\"https:\/\/aedesgroup.be\/nl\/contact-courtier\/\"]}]},{\"@type\":\"BreadcrumbList\",\"@id\":\"https:\/\/aedesgroup.be\/nl\/contact-courtier\/#breadcrumb\",\"itemListElement\":[{\"@type\":\"ListItem\",\"position\":1,\"name\":\"Home\",\"item\":\"https:\/\/aedesgroup.be\/nl\/\"},{\"@type\":\"ListItem\",\"position\":2,\"name\":\"Contactez-nous\"}]},{\"@type\":\"WebSite\",\"@id\":\"https:\/\/aedesgroup.be\/nl\/#website\",\"url\":\"https:\/\/aedesgroup.be\/nl\/\",\"name\":\"Aedes Group\",\"description\":\"D\u00e9 innovatie in verzekeringen\",\"potentialAction\":[{\"@type\":\"SearchAction\",\"target\":{\"@type\":\"EntryPoint\",\"urlTemplate\":\"https:\/\/aedesgroup.be\/nl\/?s={search_term_string}\"},\"query-input\":{\"@type\":\"PropertyValueSpecification\",\"valueRequired\":true,\"valueName\":\"search_term_string\"}}],\"inLanguage\":\"nl-NL\"}]}<\/script>\n<!-- \/ Yoast SEO Premium plugin. -->","yoast_head_json":{"title":"Contactez-nous - Aedes Group Vous \u00eates courtiers ?","description":"Chez Aedes, nous travaillons main dans la main avec un r\u00e9seau de courtiers ind\u00e9pendants partout en Belgique, pour offrir un service \u00e0 taille humaine et sur mesure. Le courtier est un expert ind\u00e9pendant, capable de s\u00e9lectionner les meilleurs couvertures selon la situation et les besoins de ses clients.","robots":{"index":"index","follow":"follow","max-snippet":"max-snippet:-1","max-image-preview":"max-image-preview:large","max-video-preview":"max-video-preview:-1"},"canonical":"https:\/\/aedesgroup.be\/nl\/contact-courtier\/","og_locale":"nl_NL","og_type":"article","og_title":"Contactez-nous","og_description":"Chez Aedes, nous travaillons main dans la main avec un r\u00e9seau de courtiers ind\u00e9pendants partout en Belgique, pour offrir un service \u00e0 taille humaine et sur mesure. Le courtier est un expert ind\u00e9pendant, capable de s\u00e9lectionner les meilleurs couvertures selon la situation et les besoins de ses clients.","og_url":"https:\/\/aedesgroup.be\/nl\/contact-courtier\/","og_site_name":"Aedes Group","article_modified_time":"2025-08-13T13:26:37+00:00","twitter_card":"summary_large_image","twitter_misc":{"Geschatte leestijd":"1 minuut"},"schema":{"@context":"https:\/\/schema.org","@graph":[{"@type":"WebPage","@id":"https:\/\/aedesgroup.be\/nl\/contact-courtier\/","url":"https:\/\/aedesgroup.be\/nl\/contact-courtier\/","name":"Contactez-nous - Aedes Group Vous \u00eates courtiers ?","isPartOf":{"@id":"https:\/\/aedesgroup.be\/nl\/#website"},"datePublished":"2025-08-01T08:48:53+00:00","dateModified":"2025-08-13T13:26:37+00:00","description":"Chez Aedes, nous travaillons main dans la main avec un r\u00e9seau de courtiers ind\u00e9pendants partout en Belgique, pour offrir un service \u00e0 taille humaine et sur mesure. Le courtier est un expert ind\u00e9pendant, capable de s\u00e9lectionner les meilleurs couvertures selon la situation et les besoins de ses clients.","breadcrumb":{"@id":"https:\/\/aedesgroup.be\/nl\/contact-courtier\/#breadcrumb"},"inLanguage":"nl-NL","potentialAction":[{"@type":"ReadAction","target":["https:\/\/aedesgroup.be\/nl\/contact-courtier\/"]}]},{"@type":"BreadcrumbList","@id":"https:\/\/aedesgroup.be\/nl\/contact-courtier\/#breadcrumb","itemListElement":[{"@type":"ListItem","position":1,"name":"Home","item":"https:\/\/aedesgroup.be\/nl\/"},{"@type":"ListItem","position":2,"name":"Contactez-nous"}]},{"@type":"WebSite","@id":"https:\/\/aedesgroup.be\/nl\/#website","url":"https:\/\/aedesgroup.be\/nl\/","name":"Aedes Group","description":"D\u00e9 innovatie in verzekeringen","potentialAction":[{"@type":"SearchAction","target":{"@type":"EntryPoint","urlTemplate":"https:\/\/aedesgroup.be\/nl\/?s={search_term_string}"},"query-input":{"@type":"PropertyValueSpecification","valueRequired":true,"valueName":"search_term_string"}}],"inLanguage":"nl-NL"}]}},"_links":{"self":[{"href":"https:\/\/aedesgroup.be\/nl\/wp-json\/wp\/v2\/pages\/19940","targetHints":{"allow":["GET"]}}],"collection":[{"href":"https:\/\/aedesgroup.be\/nl\/wp-json\/wp\/v2\/pages"}],"about":[{"href":"https:\/\/aedesgroup.be\/nl\/wp-json\/wp\/v2\/types\/page"}],"author":[{"embeddable":true,"href":"https:\/\/aedesgroup.be\/nl\/wp-json\/wp\/v2\/users\/2"}],"replies":[{"embeddable":true,"href":"https:\/\/aedesgroup.be\/nl\/wp-json\/wp\/v2\/comments?post=19940"}],"version-history":[{"count":4,"href":"https:\/\/aedesgroup.be\/nl\/wp-json\/wp\/v2\/pages\/19940\/revisions"}],"predecessor-version":[{"id":20003,"href":"https:\/\/aedesgroup.be\/nl\/wp-json\/wp\/v2\/pages\/19940\/revisions\/20003"}],"wp:attachment":[{"href":"https:\/\/aedesgroup.be\/nl\/wp-json\/wp\/v2\/media?parent=19940"}],"curies":[{"name":"wp","href":"https:\/\/api.w.org\/{rel}","templated":true}]}}