{"id":591,"date":"2022-04-06T07:16:52","date_gmt":"2022-04-06T07:16:52","guid":{"rendered":"https:\/\/aedesgroup.be\/?page_id=591"},"modified":"2025-06-18T08:53:33","modified_gmt":"2025-06-18T08:53:33","slug":"documents","status":"publish","type":"page","link":"https:\/\/aedesgroup.be\/fr\/documents\/","title":{"rendered":"Documents"},"content":{"rendered":"","protected":false},"excerpt":{"rendered":"","protected":false},"author":1,"featured_media":0,"parent":0,"menu_order":0,"comment_status":"closed","ping_status":"closed","template":"page-content-builder.php","meta":{"_acf_changed":false,"footnotes":""},"class_list":["post-591","page","type-page","status-publish","hentry"],"acf":[],"yoast_head":"<!-- This site is optimized with the Yoast SEO Premium plugin v23.3 (Yoast SEO v24.6) - https:\/\/yoast.com\/wordpress\/plugins\/seo\/ -->\n<title>Conditions g\u00e9n\u00e9rales &amp; fiches IPID | Aedes<\/title>\n<meta name=\"description\" content=\"Consultez et t\u00e9l\u00e9chargez toutes les conditions g\u00e9n\u00e9rales et fiches IPID de nos produits d\u2019assurance : auto, habitation, PJ Auto, v\u00e9lo.\" \/>\n<meta name=\"robots\" content=\"index, follow, max-snippet:-1, max-image-preview:large, max-video-preview:-1\" \/>\n<link rel=\"canonical\" href=\"https:\/\/aedesgroup.be\/fr\/documents\/\" \/>\n<meta property=\"og:locale\" content=\"fr_FR\" \/>\n<meta property=\"og:type\" content=\"article\" \/>\n<meta property=\"og:title\" content=\"Documents\" \/>\n<meta property=\"og:description\" content=\"Consultez et t\u00e9l\u00e9chargez toutes les conditions g\u00e9n\u00e9rales et fiches IPID de nos produits d\u2019assurance : auto, habitation, PJ Auto, v\u00e9lo.\" \/>\n<meta property=\"og:url\" content=\"https:\/\/aedesgroup.be\/fr\/documents\/\" \/>\n<meta property=\"og:site_name\" content=\"Aedes Group\" \/>\n<meta property=\"article:modified_time\" content=\"2025-06-18T08:53:33+00:00\" \/>\n<meta name=\"twitter:card\" content=\"summary_large_image\" \/>\n<meta name=\"twitter:label1\" content=\"Dur\u00e9e de lecture estim\u00e9e\" \/>\n\t<meta name=\"twitter:data1\" content=\"2 minutes\" \/>\n<script type=\"application\/ld+json\" class=\"yoast-schema-graph\">{\"@context\":\"https:\/\/schema.org\",\"@graph\":[{\"@type\":\"WebPage\",\"@id\":\"https:\/\/aedesgroup.be\/fr\/documents\/\",\"url\":\"https:\/\/aedesgroup.be\/fr\/documents\/\",\"name\":\"Conditions g\u00e9n\u00e9rales & fiches IPID | Aedes\",\"isPartOf\":{\"@id\":\"https:\/\/aedesgroup.be\/fr\/#website\"},\"datePublished\":\"2022-04-06T07:16:52+00:00\",\"dateModified\":\"2025-06-18T08:53:33+00:00\",\"description\":\"Consultez et t\u00e9l\u00e9chargez toutes les conditions g\u00e9n\u00e9rales et fiches IPID de nos produits d\u2019assurance : auto, habitation, PJ Auto, v\u00e9lo.\",\"breadcrumb\":{\"@id\":\"https:\/\/aedesgroup.be\/fr\/documents\/#breadcrumb\"},\"inLanguage\":\"fr-FR\",\"potentialAction\":[{\"@type\":\"ReadAction\",\"target\":[\"https:\/\/aedesgroup.be\/fr\/documents\/\"]}]},{\"@type\":\"BreadcrumbList\",\"@id\":\"https:\/\/aedesgroup.be\/fr\/documents\/#breadcrumb\",\"itemListElement\":[{\"@type\":\"ListItem\",\"position\":1,\"name\":\"Home\",\"item\":\"https:\/\/aedesgroup.be\/fr\/\"},{\"@type\":\"ListItem\",\"position\":2,\"name\":\"Documents\"}]},{\"@type\":\"WebSite\",\"@id\":\"https:\/\/aedesgroup.be\/fr\/#website\",\"url\":\"https:\/\/aedesgroup.be\/fr\/\",\"name\":\"Aedes Group\",\"description\":\"Innovateur d&#039;assurances\",\"potentialAction\":[{\"@type\":\"SearchAction\",\"target\":{\"@type\":\"EntryPoint\",\"urlTemplate\":\"https:\/\/aedesgroup.be\/fr\/?s={search_term_string}\"},\"query-input\":{\"@type\":\"PropertyValueSpecification\",\"valueRequired\":true,\"valueName\":\"search_term_string\"}}],\"inLanguage\":\"fr-FR\"}]}<\/script>\n<!-- \/ Yoast SEO Premium plugin. -->","yoast_head_json":{"title":"Conditions g\u00e9n\u00e9rales & fiches IPID | Aedes","description":"Consultez et t\u00e9l\u00e9chargez toutes les conditions g\u00e9n\u00e9rales et fiches IPID de nos produits d\u2019assurance : auto, habitation, PJ Auto, v\u00e9lo.","robots":{"index":"index","follow":"follow","max-snippet":"max-snippet:-1","max-image-preview":"max-image-preview:large","max-video-preview":"max-video-preview:-1"},"canonical":"https:\/\/aedesgroup.be\/fr\/documents\/","og_locale":"fr_FR","og_type":"article","og_title":"Documents","og_description":"Consultez et t\u00e9l\u00e9chargez toutes les conditions g\u00e9n\u00e9rales et fiches IPID de nos produits d\u2019assurance : auto, habitation, PJ Auto, v\u00e9lo.","og_url":"https:\/\/aedesgroup.be\/fr\/documents\/","og_site_name":"Aedes Group","article_modified_time":"2025-06-18T08:53:33+00:00","twitter_card":"summary_large_image","twitter_misc":{"Dur\u00e9e de lecture estim\u00e9e":"2 minutes"},"schema":{"@context":"https:\/\/schema.org","@graph":[{"@type":"WebPage","@id":"https:\/\/aedesgroup.be\/fr\/documents\/","url":"https:\/\/aedesgroup.be\/fr\/documents\/","name":"Conditions g\u00e9n\u00e9rales & fiches IPID | Aedes","isPartOf":{"@id":"https:\/\/aedesgroup.be\/fr\/#website"},"datePublished":"2022-04-06T07:16:52+00:00","dateModified":"2025-06-18T08:53:33+00:00","description":"Consultez et t\u00e9l\u00e9chargez toutes les conditions g\u00e9n\u00e9rales et fiches IPID de nos produits d\u2019assurance : auto, habitation, PJ Auto, v\u00e9lo.","breadcrumb":{"@id":"https:\/\/aedesgroup.be\/fr\/documents\/#breadcrumb"},"inLanguage":"fr-FR","potentialAction":[{"@type":"ReadAction","target":["https:\/\/aedesgroup.be\/fr\/documents\/"]}]},{"@type":"BreadcrumbList","@id":"https:\/\/aedesgroup.be\/fr\/documents\/#breadcrumb","itemListElement":[{"@type":"ListItem","position":1,"name":"Home","item":"https:\/\/aedesgroup.be\/fr\/"},{"@type":"ListItem","position":2,"name":"Documents"}]},{"@type":"WebSite","@id":"https:\/\/aedesgroup.be\/fr\/#website","url":"https:\/\/aedesgroup.be\/fr\/","name":"Aedes Group","description":"Innovateur d&#039;assurances","potentialAction":[{"@type":"SearchAction","target":{"@type":"EntryPoint","urlTemplate":"https:\/\/aedesgroup.be\/fr\/?s={search_term_string}"},"query-input":{"@type":"PropertyValueSpecification","valueRequired":true,"valueName":"search_term_string"}}],"inLanguage":"fr-FR"}]}},"_links":{"self":[{"href":"https:\/\/aedesgroup.be\/fr\/wp-json\/wp\/v2\/pages\/591","targetHints":{"allow":["GET"]}}],"collection":[{"href":"https:\/\/aedesgroup.be\/fr\/wp-json\/wp\/v2\/pages"}],"about":[{"href":"https:\/\/aedesgroup.be\/fr\/wp-json\/wp\/v2\/types\/page"}],"author":[{"embeddable":true,"href":"https:\/\/aedesgroup.be\/fr\/wp-json\/wp\/v2\/users\/1"}],"replies":[{"embeddable":true,"href":"https:\/\/aedesgroup.be\/fr\/wp-json\/wp\/v2\/comments?post=591"}],"version-history":[{"count":17,"href":"https:\/\/aedesgroup.be\/fr\/wp-json\/wp\/v2\/pages\/591\/revisions"}],"predecessor-version":[{"id":19624,"href":"https:\/\/aedesgroup.be\/fr\/wp-json\/wp\/v2\/pages\/591\/revisions\/19624"}],"wp:attachment":[{"href":"https:\/\/aedesgroup.be\/fr\/wp-json\/wp\/v2\/media?parent=591"}],"curies":[{"name":"wp","href":"https:\/\/api.w.org\/{rel}","templated":true}]}}