{"id":448,"date":"2022-03-30T08:13:02","date_gmt":"2022-03-30T08:13:02","guid":{"rendered":"https:\/\/aedesgroup.be\/?page_id=448"},"modified":"2026-04-20T12:28:39","modified_gmt":"2026-04-20T12:28:39","slug":"qui-sommes-nous","status":"publish","type":"page","link":"https:\/\/aedesgroup.be\/fr\/qui-sommes-nous\/","title":{"rendered":"Notre concept"},"content":{"rendered":"","protected":false},"excerpt":{"rendered":"","protected":false},"author":1,"featured_media":0,"parent":0,"menu_order":0,"comment_status":"closed","ping_status":"closed","template":"page-content-builder.php","meta":{"_acf_changed":false,"footnotes":""},"class_list":["post-448","page","type-page","status-publish","hentry"],"acf":[],"yoast_head":"<!-- This site is optimized with the Yoast SEO Premium plugin v23.3 (Yoast SEO v24.6) - https:\/\/yoast.com\/wordpress\/plugins\/seo\/ -->\n<title>Qui sommes-nous ? Acteur en assurance belge et innovant | Aedes<\/title>\n<meta name=\"description\" content=\"D\u00e9couvrez Aedes et ses assurances: une \u00e9quipe \u00e0 taille humaine, innovante et performante, proposant des produits adapt\u00e9s \u00e0 vos besoins.\" \/>\n<meta name=\"robots\" content=\"index, follow, max-snippet:-1, max-image-preview:large, max-video-preview:-1\" \/>\n<link rel=\"canonical\" href=\"https:\/\/aedesgroup.be\/fr\/qui-sommes-nous\/\" \/>\n<meta property=\"og:locale\" content=\"fr_FR\" \/>\n<meta property=\"og:type\" content=\"article\" \/>\n<meta property=\"og:title\" content=\"Notre concept\" \/>\n<meta property=\"og:description\" content=\"D\u00e9couvrez Aedes et ses assurances: une \u00e9quipe \u00e0 taille humaine, innovante et performante, proposant des produits adapt\u00e9s \u00e0 vos besoins.\" \/>\n<meta property=\"og:url\" content=\"https:\/\/aedesgroup.be\/fr\/qui-sommes-nous\/\" \/>\n<meta property=\"og:site_name\" content=\"Aedes Group\" \/>\n<meta property=\"article:modified_time\" content=\"2026-04-20T12:28:39+00:00\" \/>\n<meta name=\"twitter:card\" content=\"summary_large_image\" \/>\n<meta name=\"twitter:label1\" content=\"Dur\u00e9e de lecture estim\u00e9e\" \/>\n\t<meta name=\"twitter:data1\" content=\"40 minutes\" \/>\n<script type=\"application\/ld+json\" class=\"yoast-schema-graph\">{\"@context\":\"https:\/\/schema.org\",\"@graph\":[{\"@type\":\"WebPage\",\"@id\":\"https:\/\/aedesgroup.be\/fr\/qui-sommes-nous\/\",\"url\":\"https:\/\/aedesgroup.be\/fr\/qui-sommes-nous\/\",\"name\":\"Qui sommes-nous ? Acteur en assurance belge et innovant | Aedes\",\"isPartOf\":{\"@id\":\"https:\/\/aedesgroup.be\/fr\/#website\"},\"datePublished\":\"2022-03-30T08:13:02+00:00\",\"dateModified\":\"2026-04-20T12:28:39+00:00\",\"description\":\"D\u00e9couvrez Aedes et ses assurances: une \u00e9quipe \u00e0 taille humaine, innovante et performante, proposant des produits adapt\u00e9s \u00e0 vos besoins.\",\"breadcrumb\":{\"@id\":\"https:\/\/aedesgroup.be\/fr\/qui-sommes-nous\/#breadcrumb\"},\"inLanguage\":\"fr-FR\",\"potentialAction\":[{\"@type\":\"ReadAction\",\"target\":[\"https:\/\/aedesgroup.be\/fr\/qui-sommes-nous\/\"]}]},{\"@type\":\"BreadcrumbList\",\"@id\":\"https:\/\/aedesgroup.be\/fr\/qui-sommes-nous\/#breadcrumb\",\"itemListElement\":[{\"@type\":\"ListItem\",\"position\":1,\"name\":\"Home\",\"item\":\"https:\/\/aedesgroup.be\/fr\/\"},{\"@type\":\"ListItem\",\"position\":2,\"name\":\"Notre concept\"}]},{\"@type\":\"WebSite\",\"@id\":\"https:\/\/aedesgroup.be\/fr\/#website\",\"url\":\"https:\/\/aedesgroup.be\/fr\/\",\"name\":\"Aedes Group\",\"description\":\"Innovateur d&#039;assurances\",\"potentialAction\":[{\"@type\":\"SearchAction\",\"target\":{\"@type\":\"EntryPoint\",\"urlTemplate\":\"https:\/\/aedesgroup.be\/fr\/?s={search_term_string}\"},\"query-input\":{\"@type\":\"PropertyValueSpecification\",\"valueRequired\":true,\"valueName\":\"search_term_string\"}}],\"inLanguage\":\"fr-FR\"}]}<\/script>\n<!-- \/ Yoast SEO Premium plugin. -->","yoast_head_json":{"title":"Qui sommes-nous ? Acteur en assurance belge et innovant | Aedes","description":"D\u00e9couvrez Aedes et ses assurances: une \u00e9quipe \u00e0 taille humaine, innovante et performante, proposant des produits adapt\u00e9s \u00e0 vos besoins.","robots":{"index":"index","follow":"follow","max-snippet":"max-snippet:-1","max-image-preview":"max-image-preview:large","max-video-preview":"max-video-preview:-1"},"canonical":"https:\/\/aedesgroup.be\/fr\/qui-sommes-nous\/","og_locale":"fr_FR","og_type":"article","og_title":"Notre concept","og_description":"D\u00e9couvrez Aedes et ses assurances: une \u00e9quipe \u00e0 taille humaine, innovante et performante, proposant des produits adapt\u00e9s \u00e0 vos besoins.","og_url":"https:\/\/aedesgroup.be\/fr\/qui-sommes-nous\/","og_site_name":"Aedes Group","article_modified_time":"2026-04-20T12:28:39+00:00","twitter_card":"summary_large_image","twitter_misc":{"Dur\u00e9e de lecture estim\u00e9e":"40 minutes"},"schema":{"@context":"https:\/\/schema.org","@graph":[{"@type":"WebPage","@id":"https:\/\/aedesgroup.be\/fr\/qui-sommes-nous\/","url":"https:\/\/aedesgroup.be\/fr\/qui-sommes-nous\/","name":"Qui sommes-nous ? Acteur en assurance belge et innovant | Aedes","isPartOf":{"@id":"https:\/\/aedesgroup.be\/fr\/#website"},"datePublished":"2022-03-30T08:13:02+00:00","dateModified":"2026-04-20T12:28:39+00:00","description":"D\u00e9couvrez Aedes et ses assurances: une \u00e9quipe \u00e0 taille humaine, innovante et performante, proposant des produits adapt\u00e9s \u00e0 vos besoins.","breadcrumb":{"@id":"https:\/\/aedesgroup.be\/fr\/qui-sommes-nous\/#breadcrumb"},"inLanguage":"fr-FR","potentialAction":[{"@type":"ReadAction","target":["https:\/\/aedesgroup.be\/fr\/qui-sommes-nous\/"]}]},{"@type":"BreadcrumbList","@id":"https:\/\/aedesgroup.be\/fr\/qui-sommes-nous\/#breadcrumb","itemListElement":[{"@type":"ListItem","position":1,"name":"Home","item":"https:\/\/aedesgroup.be\/fr\/"},{"@type":"ListItem","position":2,"name":"Notre concept"}]},{"@type":"WebSite","@id":"https:\/\/aedesgroup.be\/fr\/#website","url":"https:\/\/aedesgroup.be\/fr\/","name":"Aedes Group","description":"Innovateur d&#039;assurances","potentialAction":[{"@type":"SearchAction","target":{"@type":"EntryPoint","urlTemplate":"https:\/\/aedesgroup.be\/fr\/?s={search_term_string}"},"query-input":{"@type":"PropertyValueSpecification","valueRequired":true,"valueName":"search_term_string"}}],"inLanguage":"fr-FR"}]}},"_links":{"self":[{"href":"https:\/\/aedesgroup.be\/fr\/wp-json\/wp\/v2\/pages\/448","targetHints":{"allow":["GET"]}}],"collection":[{"href":"https:\/\/aedesgroup.be\/fr\/wp-json\/wp\/v2\/pages"}],"about":[{"href":"https:\/\/aedesgroup.be\/fr\/wp-json\/wp\/v2\/types\/page"}],"author":[{"embeddable":true,"href":"https:\/\/aedesgroup.be\/fr\/wp-json\/wp\/v2\/users\/1"}],"replies":[{"embeddable":true,"href":"https:\/\/aedesgroup.be\/fr\/wp-json\/wp\/v2\/comments?post=448"}],"version-history":[{"count":89,"href":"https:\/\/aedesgroup.be\/fr\/wp-json\/wp\/v2\/pages\/448\/revisions"}],"predecessor-version":[{"id":20431,"href":"https:\/\/aedesgroup.be\/fr\/wp-json\/wp\/v2\/pages\/448\/revisions\/20431"}],"wp:attachment":[{"href":"https:\/\/aedesgroup.be\/fr\/wp-json\/wp\/v2\/media?parent=448"}],"curies":[{"name":"wp","href":"https:\/\/api.w.org\/{rel}","templated":true}]}}