{"id":443,"date":"2022-03-29T12:42:44","date_gmt":"2022-03-29T12:42:44","guid":{"rendered":"https:\/\/aedesgroup.be\/?page_id=443"},"modified":"2025-06-18T07:48:12","modified_gmt":"2025-06-18T07:48:12","slug":"faq","status":"publish","type":"page","link":"https:\/\/aedesgroup.be\/fr\/faq\/","title":{"rendered":"Foire aux questions"},"content":{"rendered":"","protected":false},"excerpt":{"rendered":"","protected":false},"author":1,"featured_media":0,"parent":0,"menu_order":0,"comment_status":"closed","ping_status":"closed","template":"page-content-builder.php","meta":{"_acf_changed":false,"footnotes":""},"class_list":["post-443","page","type-page","status-publish","hentry"],"acf":[],"yoast_head":"<!-- This site is optimized with the Yoast SEO Premium plugin v23.3 (Yoast SEO v24.6) - https:\/\/yoast.com\/wordpress\/plugins\/seo\/ -->\n<title>FAQ Assurance - R\u00e9ponses \u00e0 vos questions | Aedes<\/title>\n<meta name=\"description\" content=\"Tout savoir sur les assurances Aedes : souscription et gestion du contrat, d\u00e9claration de sinistre, assistance.\" \/>\n<meta name=\"robots\" content=\"index, follow, max-snippet:-1, max-image-preview:large, max-video-preview:-1\" \/>\n<link rel=\"canonical\" href=\"https:\/\/aedesgroup.be\/fr\/faq\/\" \/>\n<meta property=\"og:locale\" content=\"fr_FR\" \/>\n<meta property=\"og:type\" content=\"article\" \/>\n<meta property=\"og:title\" content=\"Foire aux questions\" \/>\n<meta property=\"og:description\" content=\"Tout savoir sur les assurances Aedes : souscription et gestion du contrat, d\u00e9claration de sinistre, assistance.\" \/>\n<meta property=\"og:url\" content=\"https:\/\/aedesgroup.be\/fr\/faq\/\" \/>\n<meta property=\"og:site_name\" content=\"Aedes Group\" \/>\n<meta property=\"article:modified_time\" content=\"2025-06-18T07:48:12+00:00\" \/>\n<meta name=\"twitter:card\" content=\"summary_large_image\" \/>\n<meta name=\"twitter:label1\" content=\"Dur\u00e9e de lecture estim\u00e9e\" \/>\n\t<meta name=\"twitter:data1\" content=\"3 minutes\" \/>\n<script type=\"application\/ld+json\" class=\"yoast-schema-graph\">{\"@context\":\"https:\/\/schema.org\",\"@graph\":[{\"@type\":\"WebPage\",\"@id\":\"https:\/\/aedesgroup.be\/fr\/faq\/\",\"url\":\"https:\/\/aedesgroup.be\/fr\/faq\/\",\"name\":\"FAQ Assurance - R\u00e9ponses \u00e0 vos questions | Aedes\",\"isPartOf\":{\"@id\":\"https:\/\/aedesgroup.be\/fr\/#website\"},\"datePublished\":\"2022-03-29T12:42:44+00:00\",\"dateModified\":\"2025-06-18T07:48:12+00:00\",\"description\":\"Tout savoir sur les assurances Aedes : souscription et gestion du contrat, d\u00e9claration de sinistre, assistance.\",\"breadcrumb\":{\"@id\":\"https:\/\/aedesgroup.be\/fr\/faq\/#breadcrumb\"},\"inLanguage\":\"fr-FR\",\"potentialAction\":[{\"@type\":\"ReadAction\",\"target\":[\"https:\/\/aedesgroup.be\/fr\/faq\/\"]}]},{\"@type\":\"BreadcrumbList\",\"@id\":\"https:\/\/aedesgroup.be\/fr\/faq\/#breadcrumb\",\"itemListElement\":[{\"@type\":\"ListItem\",\"position\":1,\"name\":\"Home\",\"item\":\"https:\/\/aedesgroup.be\/fr\/\"},{\"@type\":\"ListItem\",\"position\":2,\"name\":\"Foire aux questions\"}]},{\"@type\":\"WebSite\",\"@id\":\"https:\/\/aedesgroup.be\/fr\/#website\",\"url\":\"https:\/\/aedesgroup.be\/fr\/\",\"name\":\"Aedes Group\",\"description\":\"Innovateur d&#039;assurances\",\"potentialAction\":[{\"@type\":\"SearchAction\",\"target\":{\"@type\":\"EntryPoint\",\"urlTemplate\":\"https:\/\/aedesgroup.be\/fr\/?s={search_term_string}\"},\"query-input\":{\"@type\":\"PropertyValueSpecification\",\"valueRequired\":true,\"valueName\":\"search_term_string\"}}],\"inLanguage\":\"fr-FR\"}]}<\/script>\n<!-- \/ Yoast SEO Premium plugin. -->","yoast_head_json":{"title":"FAQ Assurance - R\u00e9ponses \u00e0 vos questions | Aedes","description":"Tout savoir sur les assurances Aedes : souscription et gestion du contrat, d\u00e9claration de sinistre, assistance.","robots":{"index":"index","follow":"follow","max-snippet":"max-snippet:-1","max-image-preview":"max-image-preview:large","max-video-preview":"max-video-preview:-1"},"canonical":"https:\/\/aedesgroup.be\/fr\/faq\/","og_locale":"fr_FR","og_type":"article","og_title":"Foire aux questions","og_description":"Tout savoir sur les assurances Aedes : souscription et gestion du contrat, d\u00e9claration de sinistre, assistance.","og_url":"https:\/\/aedesgroup.be\/fr\/faq\/","og_site_name":"Aedes Group","article_modified_time":"2025-06-18T07:48:12+00:00","twitter_card":"summary_large_image","twitter_misc":{"Dur\u00e9e de lecture estim\u00e9e":"3 minutes"},"schema":{"@context":"https:\/\/schema.org","@graph":[{"@type":"WebPage","@id":"https:\/\/aedesgroup.be\/fr\/faq\/","url":"https:\/\/aedesgroup.be\/fr\/faq\/","name":"FAQ Assurance - R\u00e9ponses \u00e0 vos questions | Aedes","isPartOf":{"@id":"https:\/\/aedesgroup.be\/fr\/#website"},"datePublished":"2022-03-29T12:42:44+00:00","dateModified":"2025-06-18T07:48:12+00:00","description":"Tout savoir sur les assurances Aedes : souscription et gestion du contrat, d\u00e9claration de sinistre, assistance.","breadcrumb":{"@id":"https:\/\/aedesgroup.be\/fr\/faq\/#breadcrumb"},"inLanguage":"fr-FR","potentialAction":[{"@type":"ReadAction","target":["https:\/\/aedesgroup.be\/fr\/faq\/"]}]},{"@type":"BreadcrumbList","@id":"https:\/\/aedesgroup.be\/fr\/faq\/#breadcrumb","itemListElement":[{"@type":"ListItem","position":1,"name":"Home","item":"https:\/\/aedesgroup.be\/fr\/"},{"@type":"ListItem","position":2,"name":"Foire aux questions"}]},{"@type":"WebSite","@id":"https:\/\/aedesgroup.be\/fr\/#website","url":"https:\/\/aedesgroup.be\/fr\/","name":"Aedes Group","description":"Innovateur d&#039;assurances","potentialAction":[{"@type":"SearchAction","target":{"@type":"EntryPoint","urlTemplate":"https:\/\/aedesgroup.be\/fr\/?s={search_term_string}"},"query-input":{"@type":"PropertyValueSpecification","valueRequired":true,"valueName":"search_term_string"}}],"inLanguage":"fr-FR"}]}},"_links":{"self":[{"href":"https:\/\/aedesgroup.be\/fr\/wp-json\/wp\/v2\/pages\/443","targetHints":{"allow":["GET"]}}],"collection":[{"href":"https:\/\/aedesgroup.be\/fr\/wp-json\/wp\/v2\/pages"}],"about":[{"href":"https:\/\/aedesgroup.be\/fr\/wp-json\/wp\/v2\/types\/page"}],"author":[{"embeddable":true,"href":"https:\/\/aedesgroup.be\/fr\/wp-json\/wp\/v2\/users\/1"}],"replies":[{"embeddable":true,"href":"https:\/\/aedesgroup.be\/fr\/wp-json\/wp\/v2\/comments?post=443"}],"version-history":[{"count":4,"href":"https:\/\/aedesgroup.be\/fr\/wp-json\/wp\/v2\/pages\/443\/revisions"}],"predecessor-version":[{"id":19611,"href":"https:\/\/aedesgroup.be\/fr\/wp-json\/wp\/v2\/pages\/443\/revisions\/19611"}],"wp:attachment":[{"href":"https:\/\/aedesgroup.be\/fr\/wp-json\/wp\/v2\/media?parent=443"}],"curies":[{"name":"wp","href":"https:\/\/api.w.org\/{rel}","templated":true}]}}