{"id":19894,"date":"2025-07-30T09:29:33","date_gmt":"2025-07-30T09:29:33","guid":{"rendered":"https:\/\/aedesgroup.be\/?page_id=19894"},"modified":"2025-08-13T12:41:14","modified_gmt":"2025-08-13T12:41:14","slug":"contact_courtier","status":"publish","type":"page","link":"https:\/\/aedesgroup.be\/fr\/contact_courtier\/","title":{"rendered":"Contact_courtier"},"content":{"rendered":"","protected":false},"excerpt":{"rendered":"","protected":false},"author":2,"featured_media":0,"parent":0,"menu_order":0,"comment_status":"closed","ping_status":"closed","template":"page-contact.php","meta":{"_acf_changed":false,"footnotes":""},"class_list":["post-19894","page","type-page","status-publish","hentry"],"acf":[],"yoast_head":"<!-- This site is optimized with the Yoast SEO Premium plugin v23.3 (Yoast SEO v24.6) - https:\/\/yoast.com\/wordpress\/plugins\/seo\/ -->\n<title>Envie de collaborer avec Aedes ?<\/title>\n<meta name=\"description\" content=\"Envie de collaborer avec nos fabuleuses \u00e9quipes ? Nous sommes disponibles pour toutes vos demandes, par mail ou par t\u00e9l\u00e9phone !\" \/>\n<meta name=\"robots\" content=\"index, follow, max-snippet:-1, max-image-preview:large, max-video-preview:-1\" \/>\n<link rel=\"canonical\" href=\"https:\/\/aedesgroup.be\/fr\/contact_courtier\/\" \/>\n<meta property=\"og:locale\" content=\"fr_FR\" \/>\n<meta property=\"og:type\" content=\"article\" \/>\n<meta property=\"og:title\" content=\"Contact_courtier\" \/>\n<meta property=\"og:description\" content=\"Envie de collaborer avec nos fabuleuses \u00e9quipes ? Nous sommes disponibles pour toutes vos demandes, par mail ou par t\u00e9l\u00e9phone !\" \/>\n<meta property=\"og:url\" content=\"https:\/\/aedesgroup.be\/fr\/contact_courtier\/\" \/>\n<meta property=\"og:site_name\" content=\"Aedes Group\" \/>\n<meta property=\"article:modified_time\" content=\"2025-08-13T12:41:14+00:00\" \/>\n<meta name=\"twitter:card\" content=\"summary_large_image\" \/>\n<meta name=\"twitter:label1\" content=\"Dur\u00e9e de lecture estim\u00e9e\" \/>\n\t<meta name=\"twitter:data1\" content=\"1 minute\" \/>\n<script type=\"application\/ld+json\" class=\"yoast-schema-graph\">{\"@context\":\"https:\/\/schema.org\",\"@graph\":[{\"@type\":\"WebPage\",\"@id\":\"https:\/\/aedesgroup.be\/fr\/contact_courtier\/\",\"url\":\"https:\/\/aedesgroup.be\/fr\/contact_courtier\/\",\"name\":\"Envie de collaborer avec Aedes ?\",\"isPartOf\":{\"@id\":\"https:\/\/aedesgroup.be\/fr\/#website\"},\"datePublished\":\"2025-07-30T09:29:33+00:00\",\"dateModified\":\"2025-08-13T12:41:14+00:00\",\"description\":\"Envie de collaborer avec nos fabuleuses \u00e9quipes ? Nous sommes disponibles pour toutes vos demandes, par mail ou par t\u00e9l\u00e9phone !\",\"breadcrumb\":{\"@id\":\"https:\/\/aedesgroup.be\/fr\/contact_courtier\/#breadcrumb\"},\"inLanguage\":\"fr-FR\",\"potentialAction\":[{\"@type\":\"ReadAction\",\"target\":[\"https:\/\/aedesgroup.be\/fr\/contact_courtier\/\"]}]},{\"@type\":\"BreadcrumbList\",\"@id\":\"https:\/\/aedesgroup.be\/fr\/contact_courtier\/#breadcrumb\",\"itemListElement\":[{\"@type\":\"ListItem\",\"position\":1,\"name\":\"Home\",\"item\":\"https:\/\/aedesgroup.be\/fr\/\"},{\"@type\":\"ListItem\",\"position\":2,\"name\":\"Contact_courtier\"}]},{\"@type\":\"WebSite\",\"@id\":\"https:\/\/aedesgroup.be\/fr\/#website\",\"url\":\"https:\/\/aedesgroup.be\/fr\/\",\"name\":\"Aedes Group\",\"description\":\"Innovateur d&#039;assurances\",\"potentialAction\":[{\"@type\":\"SearchAction\",\"target\":{\"@type\":\"EntryPoint\",\"urlTemplate\":\"https:\/\/aedesgroup.be\/fr\/?s={search_term_string}\"},\"query-input\":{\"@type\":\"PropertyValueSpecification\",\"valueRequired\":true,\"valueName\":\"search_term_string\"}}],\"inLanguage\":\"fr-FR\"}]}<\/script>\n<!-- \/ Yoast SEO Premium plugin. -->","yoast_head_json":{"title":"Envie de collaborer avec Aedes ?","description":"Envie de collaborer avec nos fabuleuses \u00e9quipes ? Nous sommes disponibles pour toutes vos demandes, par mail ou par t\u00e9l\u00e9phone !","robots":{"index":"index","follow":"follow","max-snippet":"max-snippet:-1","max-image-preview":"max-image-preview:large","max-video-preview":"max-video-preview:-1"},"canonical":"https:\/\/aedesgroup.be\/fr\/contact_courtier\/","og_locale":"fr_FR","og_type":"article","og_title":"Contact_courtier","og_description":"Envie de collaborer avec nos fabuleuses \u00e9quipes ? Nous sommes disponibles pour toutes vos demandes, par mail ou par t\u00e9l\u00e9phone !","og_url":"https:\/\/aedesgroup.be\/fr\/contact_courtier\/","og_site_name":"Aedes Group","article_modified_time":"2025-08-13T12:41:14+00:00","twitter_card":"summary_large_image","twitter_misc":{"Dur\u00e9e de lecture estim\u00e9e":"1 minute"},"schema":{"@context":"https:\/\/schema.org","@graph":[{"@type":"WebPage","@id":"https:\/\/aedesgroup.be\/fr\/contact_courtier\/","url":"https:\/\/aedesgroup.be\/fr\/contact_courtier\/","name":"Envie de collaborer avec Aedes ?","isPartOf":{"@id":"https:\/\/aedesgroup.be\/fr\/#website"},"datePublished":"2025-07-30T09:29:33+00:00","dateModified":"2025-08-13T12:41:14+00:00","description":"Envie de collaborer avec nos fabuleuses \u00e9quipes ? Nous sommes disponibles pour toutes vos demandes, par mail ou par t\u00e9l\u00e9phone !","breadcrumb":{"@id":"https:\/\/aedesgroup.be\/fr\/contact_courtier\/#breadcrumb"},"inLanguage":"fr-FR","potentialAction":[{"@type":"ReadAction","target":["https:\/\/aedesgroup.be\/fr\/contact_courtier\/"]}]},{"@type":"BreadcrumbList","@id":"https:\/\/aedesgroup.be\/fr\/contact_courtier\/#breadcrumb","itemListElement":[{"@type":"ListItem","position":1,"name":"Home","item":"https:\/\/aedesgroup.be\/fr\/"},{"@type":"ListItem","position":2,"name":"Contact_courtier"}]},{"@type":"WebSite","@id":"https:\/\/aedesgroup.be\/fr\/#website","url":"https:\/\/aedesgroup.be\/fr\/","name":"Aedes Group","description":"Innovateur d&#039;assurances","potentialAction":[{"@type":"SearchAction","target":{"@type":"EntryPoint","urlTemplate":"https:\/\/aedesgroup.be\/fr\/?s={search_term_string}"},"query-input":{"@type":"PropertyValueSpecification","valueRequired":true,"valueName":"search_term_string"}}],"inLanguage":"fr-FR"}]}},"_links":{"self":[{"href":"https:\/\/aedesgroup.be\/fr\/wp-json\/wp\/v2\/pages\/19894","targetHints":{"allow":["GET"]}}],"collection":[{"href":"https:\/\/aedesgroup.be\/fr\/wp-json\/wp\/v2\/pages"}],"about":[{"href":"https:\/\/aedesgroup.be\/fr\/wp-json\/wp\/v2\/types\/page"}],"author":[{"embeddable":true,"href":"https:\/\/aedesgroup.be\/fr\/wp-json\/wp\/v2\/users\/2"}],"replies":[{"embeddable":true,"href":"https:\/\/aedesgroup.be\/fr\/wp-json\/wp\/v2\/comments?post=19894"}],"version-history":[{"count":8,"href":"https:\/\/aedesgroup.be\/fr\/wp-json\/wp\/v2\/pages\/19894\/revisions"}],"predecessor-version":[{"id":19998,"href":"https:\/\/aedesgroup.be\/fr\/wp-json\/wp\/v2\/pages\/19894\/revisions\/19998"}],"wp:attachment":[{"href":"https:\/\/aedesgroup.be\/fr\/wp-json\/wp\/v2\/media?parent=19894"}],"curies":[{"name":"wp","href":"https:\/\/api.w.org\/{rel}","templated":true}]}}